{"id":487,"date":"2023-07-17T08:10:28","date_gmt":"2023-07-17T07:10:28","guid":{"rendered":"http:\/\/www.charta.seitenwechsel-berlin.de\/?page_id=487"},"modified":"2025-12-02T21:47:51","modified_gmt":"2025-12-02T20:47:51","slug":"workshops","status":"publish","type":"page","link":"https:\/\/charta.seitenwechsel-berlin.de\/en\/workshops\/","title":{"rendered":"Workshops"},"content":{"rendered":"<div data-vc-full-width=\"true\" data-vc-full-width-init=\"false\" class=\"vc_row wpb_row vc_row-fluid vc_custom_1748539551830 wpex-vc_row-has-fill typography-white wpex-vc-row-stretched wpex-vc-has-custom-column-spacing wpex-vc-column-spacing-0px\"><div class=\"wpb_column vc_column_container vc_col-sm-12\"><div class=\"vc_column-inner vc_custom_1636280032552\"><div class=\"wpb_wrapper\"><h1 class=\"vcex-heading vcex-module wpex-text-2xl wpex-font-normal wpex-m-auto wpex-max-w-100 vcex-heading-plain wpex-block wpex-text-center\" style=\"color:#ffffff;font-size:62px;font-weight:700;text-transform:uppercase;\"><span class=\"vcex-heading-inner wpex-inline-block wpex-clr\">Workshops<\/span><\/h1><\/div><\/div><\/div><\/div><div class=\"vc_row-full-width vc_clearfix\"><\/div><div class=\"vc_row wpb_row vc_row-fluid vc_custom_1636283819695\"><div class=\"wpb_column vc_column_container vc_col-sm-12\"><div class=\"vc_column-inner\"><div class=\"wpb_wrapper\"><div class=\"vcex-spacing wpex-w-100 wpex-clear\" style=\"height:30px;\"><\/div>\n\t<div class=\"wpb_text_column wpb_content_element\" >\n\t\t<div class=\"wpb_wrapper\">\n\t\t\t<p><strong>Training, Mentoring, and Consulting on Gender Diversity in Sport<\/strong><\/p>\n<p>The Charter for Gender Diversity in Sport is a tool to raise awareness and break down barriers for trans, inter and non-binary people in sports clubs, federations, and organisations. It helps building a positive attitude towards gender diversity and implementing necessary measures.<\/p>\n<p>We can support your organisation with trainings, mentoring and consulting about gender diversity.<\/p>\n<p>We can guide you on topics such as gender-sensitive language and how to develop innovative offers while taking all genders into consideration. We can address issues like locker rooms and toilets, how to adapt association documents, and what to look for at events.<\/p>\n<p>Each training can be customised to meet the needs and focus of your organisation.<\/p>\n<ul>\n<li style=\"font-weight: 400;\" aria-level=\"2\"><b>Gender Diversity Sensibilit\u00e4t (Grundlagen)<\/b><\/li>\n<li style=\"font-weight: 400;\" aria-level=\"2\"><b>Workshops f\u00fcr Trainer*innen (Erwachsene &amp; Jugendliche)<\/b><\/li>\n<li style=\"font-weight: 400;\" aria-level=\"2\"><b>Inklusive Sportveranstaltungen<\/b><\/li>\n<li style=\"font-weight: 400;\" aria-level=\"2\"><b>Strategien f\u00fcr inklusive Kommunikation<\/b><\/li>\n<li style=\"font-weight: 400;\" aria-level=\"2\"><b>Umkleider\u00e4ume &amp; Toiletten: Aktionen &amp; Workshops<\/b><\/li>\n<li style=\"font-weight: 400;\" aria-level=\"2\"><b>Training zu inklusiver Sprache<\/b><\/li>\n<li style=\"font-weight: 400;\" aria-level=\"2\"><b>Workshops zur Entwicklung von Awareness-Konzepten<\/b><\/li>\n<\/ul>\n\n\t\t<\/div>\n\t<\/div>\n<div class=\"vcex-spacing wpex-w-100 wpex-clear\" style=\"height:50px;\"><\/div><\/div><\/div><\/div><\/div>","protected":false},"excerpt":{"rendered":"Workshops Fortbildungen, Begleitung und Beratung zum Thema geschlechtliche Vielfalt im Sport Die Charta f\u00fcr geschlechtliche Vielfalt im Sport ist ein Werkzeug um Sportvereine, Verb\u00e4nde und Organisationen zu sensibilisieren und H\u00fcrden f\u00fcr trans*, inter* und nicht-bin\u00e4re Personen im Sport abzubauen. Sie hilft beim Aufbau einer positiven Haltung zu geschlechtlicher Vielfalt und bei der Umsetzung von geeigneten&hellip;","protected":false},"author":1,"featured_media":0,"parent":0,"menu_order":0,"comment_status":"closed","ping_status":"closed","template":"","meta":{"footnotes":""},"class_list":["post-487","page","type-page","status-publish","hentry","entry","no-media"],"_links":{"self":[{"href":"https:\/\/charta.seitenwechsel-berlin.de\/en\/wp-json\/wp\/v2\/pages\/487","targetHints":{"allow":["GET"]}}],"collection":[{"href":"https:\/\/charta.seitenwechsel-berlin.de\/en\/wp-json\/wp\/v2\/pages"}],"about":[{"href":"https:\/\/charta.seitenwechsel-berlin.de\/en\/wp-json\/wp\/v2\/types\/page"}],"author":[{"embeddable":true,"href":"https:\/\/charta.seitenwechsel-berlin.de\/en\/wp-json\/wp\/v2\/users\/1"}],"replies":[{"embeddable":true,"href":"https:\/\/charta.seitenwechsel-berlin.de\/en\/wp-json\/wp\/v2\/comments?post=487"}],"version-history":[{"count":10,"href":"https:\/\/charta.seitenwechsel-berlin.de\/en\/wp-json\/wp\/v2\/pages\/487\/revisions"}],"predecessor-version":[{"id":803,"href":"https:\/\/charta.seitenwechsel-berlin.de\/en\/wp-json\/wp\/v2\/pages\/487\/revisions\/803"}],"wp:attachment":[{"href":"https:\/\/charta.seitenwechsel-berlin.de\/en\/wp-json\/wp\/v2\/media?parent=487"}],"curies":[{"name":"wp","href":"https:\/\/api.w.org\/{rel}","templated":true}]}}